{"id":7,"date":"2020-07-21T17:35:46","date_gmt":"2020-07-21T17:35:46","guid":{"rendered":"https:\/\/duermevela.com.ar\/en\/?page_id=7"},"modified":"2025-02-19T14:27:36","modified_gmt":"2025-02-19T14:27:36","slug":"about-us","status":"publish","type":"page","link":"https:\/\/duermevela.com.ar\/english\/about-us\/","title":{"rendered":"About us"},"content":{"rendered":"\t\t<div data-elementor-type=\"wp-page\" data-elementor-id=\"7\" class=\"elementor elementor-7\" data-elementor-post-type=\"page\">\n\t\t\t\t<div class=\"elementor-element elementor-element-294b9ba e-con-full elementor-hidden-phone e-flex e-con e-parent\" data-id=\"294b9ba\" data-element_type=\"container\" data-settings=\"{&quot;background_background&quot;:&quot;classic&quot;}\">\n\t\t<div class=\"elementor-element elementor-element-ab7c73a e-con-full e-flex e-con e-child\" data-id=\"ab7c73a\" data-element_type=\"container\" data-settings=\"{&quot;background_background&quot;:&quot;classic&quot;}\">\n\t\t\t\t<div class=\"elementor-element elementor-element-913d742 elementor-widget elementor-widget-heading\" data-id=\"913d742\" data-element_type=\"widget\" data-widget_type=\"heading.default\">\n\t\t\t\t<div class=\"elementor-widget-container\">\n\t\t\t\t\t<h2 class=\"elementor-heading-title elementor-size-default\">About us<\/h2>\t\t\t\t<\/div>\n\t\t\t\t<\/div>\n\t\t\t\t<\/div>\n\t\t\t\t<\/div>\n\t\t<div class=\"elementor-element elementor-element-da77149 e-flex e-con-boxed e-con e-parent\" data-id=\"da77149\" data-element_type=\"container\" data-settings=\"{&quot;background_background&quot;:&quot;classic&quot;}\">\n\t\t\t\t\t<div class=\"e-con-inner\">\n\t\t\t\t<div class=\"elementor-element elementor-element-78b4f76 elementor-widget elementor-widget-text-editor\" data-id=\"78b4f76\" data-element_type=\"widget\" data-widget_type=\"text-editor.default\">\n\t\t\t\t<div class=\"elementor-widget-container\">\n\t\t\t\t\t\t\t\t\t<p>Duermevela is the intermediate state between sleep and wakefulness.<br \/>That space where we don&#8217;t quite know which side we&#8217;re on. The films we like to make have this imprint.\u00a0\u00a0<\/p>\t\t\t\t\t\t\t\t<\/div>\n\t\t\t\t<\/div>\n\t\t\t\t\t<\/div>\n\t\t\t\t<\/div>\n\t\t<div class=\"elementor-element elementor-element-6488109 e-flex e-con-boxed e-con e-parent\" data-id=\"6488109\" data-element_type=\"container\">\n\t\t\t\t\t<div class=\"e-con-inner\">\n\t\t\t\t<div class=\"elementor-element elementor-element-ea53a0d elementor-widget elementor-widget-video\" data-id=\"ea53a0d\" data-element_type=\"widget\" data-settings=\"{&quot;youtube_url&quot;:&quot;https:\\\/\\\/youtu.be\\\/YQwOtxzGsvY&quot;,&quot;video_type&quot;:&quot;youtube&quot;,&quot;controls&quot;:&quot;yes&quot;}\" data-widget_type=\"video.default\">\n\t\t\t\t<div class=\"elementor-widget-container\">\n\t\t\t\t\t\t\t<div class=\"elementor-wrapper elementor-open-inline\">\n\t\t\t<div class=\"elementor-video\"><\/div>\t\t<\/div>\n\t\t\t\t\t\t<\/div>\n\t\t\t\t<\/div>\n\t\t\t\t<div class=\"elementor-element elementor-element-365aaa7 elementor-widget__width-initial elementor-widget elementor-widget-text-editor\" data-id=\"365aaa7\" data-element_type=\"widget\" data-widget_type=\"text-editor.default\">\n\t\t\t\t<div class=\"elementor-widget-container\">\n\t\t\t\t\t\t\t\t\t<p>The production company was founded by filmmaker Tom\u00e1s Lipgot and places a strong emphasis on the production of documentaries, while also working on fiction films and animations.<\/p><p>With over 20 years of experience in the film industry, Duermevela has produced 15 documentaries: <a href=\"https:\/\/duermevela.com.ar\/english\/fortresses\/\"><em>Fortalezas<\/em><\/a> (2010), <a href=\"https:\/\/duermevela.com.ar\/english\/final-stage\/\"><em>Ricardo Becher, Recta Final<\/em><\/a> (2010), <a href=\"https:\/\/duermevela.com.ar\/english\/moacir-en\/\"><em>Moacir<\/em><\/a> (2011), <a href=\"https:\/\/duermevela.com.ar\/english\/the-tree-that-grows\/\"><em>El \u00c1rbol de la Muralla<\/em><\/a> (2013), <a href=\"https:\/\/duermevela.com.ar\/english\/waldensians\/\"><em>Valdenses<\/em><\/a> (2015), <a href=\"https:\/\/duermevela.com.ar\/english\/shame-and-respect\/\"><em>Verg\u00fcenza y Respeto<\/em><\/a> (2015), <a href=\"https:\/\/duermevela.com.ar\/english\/moacir-3\/\"><em>Moacir III<\/em><\/a> (2017), <a href=\"https:\/\/duermevela.com.ar\/english\/marta-show\/\"><em>Marta Show<\/em><\/a> (2018), <a href=\"https:\/\/duermevela.com.ar\/english\/palindrome\/\"><em>\u00a1Viva el Pal\u00edndromo!<\/em> <\/a>(2018), <a href=\"https:\/\/duermevela.com.ar\/english\/el-universo-de-clarita\/\"><em>El Universo de Clarita<\/em><\/a> (2020), <a href=\"https:\/\/duermevela.com.ar\/english\/moacir-and-me\/\"><em>Moacir y Yo<\/em><\/a> (2021),<a href=\"https:\/\/duermevela.com.ar\/english\/medical-cannabis\/\"> <em>Cannabis Medicinal<\/em><\/a> (2023), <a href=\"https:\/\/duermevela.com.ar\/english\/semillas-que-caen-lejos-de-sus-raices\/\"><em>Semillas que Caen Lejos de Ra\u00edces<\/em><\/a> (2024), <a href=\"https:\/\/duermevela.com.ar\/english\/el-agujerito-for-the-record\/\"><em>El Agujerito<\/em><\/a> (2024), and <em>Juegos en Video<\/em> (2025).<\/p><p>The company has also worked on the production of the fiction film <a href=\"https:\/\/duermevela.com.ar\/english\/the-adopters\/\"><em>Los Adoptantes<\/em><\/a> (2019), as well as the executive production of the fiction feature films <a href=\"https:\/\/duermevela.com.ar\/english\/moles\/\"><em>Topos<\/em><\/a> (2012) and <a href=\"https:\/\/duermevela.com.ar\/english\/the-desert\/\"><em>El Desierto<\/em> <\/a>(2013). In addition, it has produced the documentaries <a href=\"https:\/\/duermevela.com.ar\/english\/el-fortin-mas-alla-de-la-frontera\/\"><em>El Fort\u00edn, M\u00e1s All\u00e1 de la Frontera<\/em><\/a> (2023), <a href=\"https:\/\/duermevela.com.ar\/english\/el-fantasma-de-la-familia-rampante\/\"><em>El Fantasma de la Familia Rampante<\/em><\/a> (2024), <a href=\"https:\/\/duermevela.com.ar\/english\/exiliados\/\"><em>Exilados<\/em><\/a> (2025), and <a href=\"https:\/\/duermevela.com.ar\/english\/i-am-mika-from-frankfurt\/\"><em>Yo soy Mika de Frankfurt<\/em><\/a> (2025).<\/p><p>All these works, characterized by a strong focus on telling intimate stories, have been commercially released and showcased at numerous international film festivals, earning various awards and recognitions.<\/p><p>With a marked interest in international co-productions, Duermevela has co-produced several of its films and frequently participates in international audiovisual markets, such as the March\u00e9 du Film held during the Cannes Film Festival.<\/p><p>Additionally, Duermevela offers production services for documentaries, fiction films, animations, and music videos, as well as rental services for video and sound equipment and editing suites.<\/p><p>Currently, the production company is working on the 3D animated feature <a href=\"https:\/\/duermevela.com.ar\/english\/gilgamesh\/\"><em>Gilgamesh<\/em><\/a> in co-production with Hookup Animation, based on <em>The Epic of Gilgamesh<\/em>, the oldest known literary text. It is also producing the documentaries <em>Historias de Remis<\/em> and <em>El Viaje Psicod\u00e9lico<\/em>, both directed by Tom\u00e1s Lipgot.<\/p>\t\t\t\t\t\t\t\t<\/div>\n\t\t\t\t<\/div>\n\t\t\t\t\t<\/div>\n\t\t\t\t<\/div>\n\t\t\t\t<\/div>\n\t\t","protected":false},"excerpt":{"rendered":"<p>About us Duermevela is the intermediate state between sleep and wakefulness.That space where we don&#8217;t quite know which side we&#8217;re on. The films we like to make have this imprint.\u00a0\u00a0 https:\/\/youtu.be\/YQwOtxzGsvY The production company was founded by filmmaker Tom\u00e1s Lipgot and places a strong emphasis on the production of documentaries, while also working on fiction [&hellip;]<\/p>\n","protected":false},"author":1,"featured_media":0,"parent":0,"menu_order":0,"comment_status":"closed","ping_status":"closed","template":"elementor_header_footer","meta":{"footnotes":""},"class_list":["post-7","page","type-page","status-publish","hentry"],"aioseo_notices":[],"_links":{"self":[{"href":"https:\/\/duermevela.com.ar\/english\/wp-json\/wp\/v2\/pages\/7","targetHints":{"allow":["GET"]}}],"collection":[{"href":"https:\/\/duermevela.com.ar\/english\/wp-json\/wp\/v2\/pages"}],"about":[{"href":"https:\/\/duermevela.com.ar\/english\/wp-json\/wp\/v2\/types\/page"}],"author":[{"embeddable":true,"href":"https:\/\/duermevela.com.ar\/english\/wp-json\/wp\/v2\/users\/1"}],"replies":[{"embeddable":true,"href":"https:\/\/duermevela.com.ar\/english\/wp-json\/wp\/v2\/comments?post=7"}],"version-history":[{"count":10,"href":"https:\/\/duermevela.com.ar\/english\/wp-json\/wp\/v2\/pages\/7\/revisions"}],"predecessor-version":[{"id":1763,"href":"https:\/\/duermevela.com.ar\/english\/wp-json\/wp\/v2\/pages\/7\/revisions\/1763"}],"wp:attachment":[{"href":"https:\/\/duermevela.com.ar\/english\/wp-json\/wp\/v2\/media?parent=7"}],"curies":[{"name":"wp","href":"https:\/\/api.w.org\/{rel}","templated":true}]}}