{"id":12057,"date":"2020-07-08T19:01:26","date_gmt":"2020-07-08T19:01:26","guid":{"rendered":"https:\/\/duermevela.com.ar\/ch\/?page_id=12057"},"modified":"2025-02-19T14:45:56","modified_gmt":"2025-02-19T14:45:56","slug":"nosotros-2-2","status":"publish","type":"page","link":"https:\/\/duermevela.com.ar\/ch\/nosotros-2-2\/","title":{"rendered":"Nosotros-\u6211\u4eec"},"content":{"rendered":"\t\t<div data-elementor-type=\"wp-page\" data-elementor-id=\"12057\" class=\"elementor elementor-12057\" data-elementor-post-type=\"page\">\n\t\t\t\t<div class=\"elementor-element elementor-element-460a2d4 e-con-full elementor-hidden-phone e-flex e-con e-parent\" data-id=\"460a2d4\" data-element_type=\"container\" data-settings=\"{&quot;background_background&quot;:&quot;classic&quot;}\">\n\t\t\t\t<div class=\"elementor-element elementor-element-d468e8e elementor-widget elementor-widget-heading\" data-id=\"d468e8e\" data-element_type=\"widget\" data-widget_type=\"heading.default\">\n\t\t\t\t<div class=\"elementor-widget-container\">\n\t\t\t\t\t<h2 class=\"elementor-heading-title elementor-size-default\">\u6211\u4eec<\/h2>\t\t\t\t<\/div>\n\t\t\t\t<\/div>\n\t\t\t\t<\/div>\n\t\t<div class=\"elementor-element elementor-element-4319845 e-flex e-con-boxed e-con e-parent\" data-id=\"4319845\" data-element_type=\"container\" data-settings=\"{&quot;background_background&quot;:&quot;classic&quot;}\">\n\t\t\t\t\t<div class=\"e-con-inner\">\n\t\t\t\t<div class=\"elementor-element elementor-element-6fab7fa elementor-widget elementor-widget-text-editor\" data-id=\"6fab7fa\" data-element_type=\"widget\" data-widget_type=\"text-editor.default\">\n\t\t\t\t<div class=\"elementor-widget-container\">\n\t\t\t\t\t\t\t\t\t<p>\u7761\u7720\u662f\u7761\u7720\u548c\u6e05\u9192\u4e4b\u95f4\u7684\u4e2d\u95f4\u72b6\u6001\u3002 \u6211\u4eec\u5b9e\u9645\u4e0a\u5e76\u4e0d\u77e5\u9053\u6211\u4eec\u5728\u54ea\u4e00\u8fb9\u3002\u6211\u4eec\u559c\u6b22\u62cd\u7684\u7535\u5f71\u90fd\u5e26\u6709\u8fd9\u4e2a\u7279\u5f81\u3002<\/p>\t\t\t\t\t\t\t\t<\/div>\n\t\t\t\t<\/div>\n\t\t\t\t\t<\/div>\n\t\t\t\t<\/div>\n\t\t<div class=\"elementor-element elementor-element-e35dda6 e-flex e-con-boxed e-con e-parent\" data-id=\"e35dda6\" data-element_type=\"container\">\n\t\t\t\t\t<div class=\"e-con-inner\">\n\t\t<div class=\"elementor-element elementor-element-a3adf43 e-con-full e-flex e-con e-child\" data-id=\"a3adf43\" data-element_type=\"container\">\n\t\t\t\t<div class=\"elementor-element elementor-element-0584628 elementor-widget elementor-widget-html\" data-id=\"0584628\" data-element_type=\"widget\" data-widget_type=\"html.default\">\n\t\t\t\t<div class=\"elementor-widget-container\">\n\t\t\t\t\t<div id=\"player-688e90de-bfad-4a36-a75f-bdec279f4589\"><\/div>\r\n<script type=\"module\">\r\n  \r\nimport flowplayer from \"https:\/\/embed.flowplayer.com\/a4eb1273-bdf4-4229-bdcd-7b25eb744479\/688e90de-bfad-4a36-a75f-bdec279f4589.js\";\r\n  flowplayer(\"#player-688e90de-bfad-4a36-a75f-bdec279f4589\", {});\r\n<\/script>\r\n\r\n\t\t\t\t<\/div>\n\t\t\t\t<\/div>\n\t\t\t\t<div class=\"elementor-element elementor-element-68ac4ab elementor-widget elementor-widget-text-editor\" data-id=\"68ac4ab\" data-element_type=\"widget\" data-widget_type=\"text-editor.default\">\n\t\t\t\t<div class=\"elementor-widget-container\">\n\t\t\t\t\t\t\t\t\t<p>\u00a0<\/p><p>\u9019\u5bb6\u88fd\u4f5c\u516c\u53f8\u7531\u96fb\u5f71\u88fd\u4f5c\u4eba\u6258\u99ac\u65af\u00b7\u5229\u666e\u6208\u7279\uff08Tom\u00e1s Lipgot\uff09\u5275\u7acb\uff0c\u4e3b\u8981\u5c08\u6ce8\u65bc\u7d00\u9304\u7247\u7684\u88fd\u4f5c\uff0c\u540c\u6642\u4e5f\u6d89\u8db3\u6545\u4e8b\u7247\u548c\u52d5\u756b\u5f71\u7247\u7684\u88fd\u4f5c\u3002<\/p><p>\u64c1\u6709\u8d85\u904e20\u5e74\u7684\u96fb\u5f71\u884c\u696d\u7d93\u9a57\uff0cDuermevela \u5df2\u88fd\u4f5c\u4e8615\u90e8\u7d00\u9304\u7247\uff1a<a href=\"https:\/\/duermevela.com.ar\/ch\/fortalezas\/\">\u300a\u5821\u58d8\u300b\uff08Fortalezas\uff0c2010\uff09<\/a>\u3001<a href=\"https:\/\/duermevela.com.ar\/ch\/recta-final\/\">\u300a\u91cc\u5361\u591a\u00b7\u8c9d\u5207\u723e\uff0c\u6700\u5f8c\u885d\u523a\u300b\uff08Ricardo Becher, Recta Final\uff0c2010\uff09<\/a>\u3001<a href=\"https:\/\/duermevela.com.ar\/ch\/moacir\/\">\u300a\u83ab\u963f\u897f\u723e\u300b\uff08Moacir\uff0c2011\uff09<\/a>\u3001<a href=\"https:\/\/duermevela.com.ar\/ch\/el-arbol-de-la-muralla\/\">\u300a\u570d\u7246\u4e4b\u6a39\u300b\uff08El \u00c1rbol de la Muralla\uff0c2013\uff09<\/a>\u3001<a href=\"https:\/\/duermevela.com.ar\/ch\/valdenses\/\">\u300a\u74e6\u723e\u767b\u585e\u4eba\u300b\uff08Valdenses\uff0c2015\uff09<\/a>\u3001<a href=\"https:\/\/duermevela.com.ar\/ch\/verguenza-y-respeto\/\">\u300a\u7f9e\u6065\u8207\u5c0a\u91cd\u300b\uff08Verg\u00fcenza y Respeto\uff0c2015\uff09<\/a>\u3001<a href=\"https:\/\/duermevela.com.ar\/ch\/moacir-3\/\">\u300a\u83ab\u963f\u897f\u723e III\u300b\uff08Moacir III\uff0c2017\uff09<\/a>\u3001<a href=\"https:\/\/duermevela.com.ar\/ch\/marta-show\/\">\u300a\u746a\u5854\u79c0\u300b\uff08Marta Show\uff0c2018\uff09<\/a>\u3001<a href=\"https:\/\/duermevela.com.ar\/ch\/viva-el-palindromo\/\">\u300a\u8b9a\u7f8e\u8ff4\u6587\uff01\u300b\uff08\u00a1Viva el Pal\u00edndromo!\uff0c2018\uff09<\/a>\u3001<a href=\"https:\/\/duermevela.com.ar\/ch\/el-universo-de-clarita\/\">\u300a\u514b\u62c9\u9e97\u5854\u7684\u5b87\u5b99\u300b\uff08El Universo de Clarita\uff0c2020\uff09<\/a>\u3001\u300a\u83ab\u963f\u897f\u723e\u8207\u6211\u300b\uff08Moacir y Yo\uff0c2021\uff09\u3001<a href=\"https:\/\/duermevela.com.ar\/ch\/%e5%8c%bb%e7%94%a8%e5%a4%a7%e9%ba%bb\/\">\u300a\u91ab\u7528\u5927\u9ebb\u300b\uff08Cannabis Medicinal\uff0c2023\uff09<\/a>\u3001<a href=\"https:\/\/duermevela.com.ar\/ch\/%e7%a8%ae%e5%ad%90%e9%9b%a2%e6%a0%b9%e5%be%88%e9%81%a0\/\">\u300a\u9060\u96e2\u6839\u6e90\u7684\u7a2e\u5b50\u300b\uff08Semillas que Caen Lejos de Ra\u00edces\uff0c2024\uff09<\/a>\u3001<a href=\"https:\/\/duermevela.com.ar\/ch\/el-agujerito%e5%b0%8f%e6%b4%9e\/\">\u300a\u5c0f\u6d1e\u300b\uff08El Agujerito\uff0c2024\uff09<\/a>\u4ee5\u53ca\u300a\u96fb\u5b50\u904a\u6232\u300b\uff08Juegos en Video\uff0c2025\uff09\u3002<\/p><p><a href=\"https:\/\/duermevela.com.ar\/ch\/los-adoptantes\/\">\u6b64\u5916\uff0c\u8a72\u516c\u53f8\u9084\u88fd\u4f5c\u4e86\u6545\u4e8b\u7247\u300a\u9818\u990a\u8005\u300b\uff08Los Adoptantes\uff0c2019<\/a>\uff09\uff0c<a href=\"https:\/\/duermevela.com.ar\/ch\/topos\/\">\u4e26\u64d4\u4efb\u6545\u4e8b\u7247\u300a\u5730\u4e0b\u300b\uff08Topos\uff0c2012\uff09<\/a>\u548c<a href=\"https:\/\/duermevela.com.ar\/ch\/el-desierto\/\">\u300a\u6c99\u6f20\u300b\uff08El Desierto\uff0c2013\uff09<\/a>\u7684\u57f7\u884c\u88fd\u7247\uff0c\u4ee5\u53ca\u7d00\u9304\u7247<a href=\"https:\/\/duermevela.com.ar\/ch\/el-fortin-mas-alla-de-la-frontera\/\">\u300a\u5821\u58d8\uff1a\u908a\u754c\u4e4b\u5916\u300b\uff08El Fort\u00edn, M\u00e1s All\u00e1 de la Frontera\uff0c2023\uff09<\/a>\u3001<a href=\"https:\/\/duermevela.com.ar\/ch\/el-fantasma-de-la-familia-rampante\/\">\u300a\u7316\u7357\u5bb6\u65cf\u7684\u5e7d\u9748\u300b\uff08El Fantasma de la Familia Rampante\uff0c2024\uff09<\/a>\u3001<a href=\"https:\/\/duermevela.com.ar\/ch\/exiliados\/\">\u300a\u6d41\u4ea1\u8005\u300b\uff08Exilados\uff0c2025\uff09<\/a>\u548c<a href=\"https:\/\/duermevela.com.ar\/ch\/exiliados-copy-2\/\">\u300a\u6211\u662f\u7c73\u5361\u300b\uff08Yo Soy Mika de Frankfurt\uff0c2025\uff09<\/a>\u7684\u88fd\u7247\u3002<\/p><p>\u6240\u6709\u9019\u4e9b\u4f5c\u54c1\u90fd\u4ee5\u8b1b\u8ff0\u89aa\u5bc6\u6545\u4e8b\u70ba\u7279\u8272\uff0c\u4e0d\u50c5\u5546\u696d\u4e0a\u6620\uff0c\u9084\u53c3\u52a0\u4e86\u8a31\u591a\u570b\u969b\u96fb\u5f71\u7bc0\uff0c\u4e26\u8d0f\u5f97\u4e86\u5404\u7a2e\u734e\u9805\u548c\u69ae\u8b7d\u3002<\/p><p>Duermevela \u5c0d\u570b\u969b\u5408\u4f5c\u88fd\u4f5c\u8868\u73fe\u51fa\u6fc3\u539a\u7684\u8208\u8da3\uff0c\u4e26\u5df2\u53c3\u8207\u591a\u90e8\u5f71\u7247\u7684\u5171\u540c\u88fd\u4f5c\uff0c\u540c\u6642\u7d93\u5e38\u53c3\u52a0\u570b\u969b\u5f71\u8996\u5e02\u5834\uff0c\u4f8b\u5982\u5728\u621b\u7d0d\u96fb\u5f71\u7bc0\u671f\u9593\u8209\u884c\u7684\u300c\u96fb\u5f71\u5e02\u5834\u300d\uff08March\u00e9 du Film\uff09\u3002<\/p><p>\u6b64\u5916\uff0cDuermevela \u9084\u63d0\u4f9b\u7d00\u9304\u7247\u3001\u6545\u4e8b\u7247\u3001\u52d5\u756b\u548c\u97f3\u6a02\u8996\u983b\u7684\u88fd\u4f5c\u670d\u52d9\uff0c\u4ee5\u53ca\u8996\u983b\u548c\u97f3\u983b\u8a2d\u5099\u7684\u79df\u8cc3\u670d\u52d9\u53ca\u526a\u8f2f\u5ba4\u79df\u7528\u670d\u52d9\u3002\u76ee\u524d\uff0c\u9019\u5bb6\u88fd\u4f5c\u516c\u53f8\u6b63\u8207 Hookup Animation \u5408\u4f5c\u88fd\u4f5c 3D \u52d5\u756b\u9577\u7247<a href=\"https:\/\/duermevela.com.ar\/ch\/gilgamesh\/\">\u300a\u5409\u723e\u4f3d\u7f8e\u4ec0\u300b\uff08Gilgamesh\uff09<\/a>\uff0c\u8a72\u5f71\u7247\u57fa\u65bc\u4eba\u985e\u6700\u53e4\u8001\u7684\u6587\u5b78\u4f5c\u54c1\u300a\u5409\u723e\u4f3d\u7f8e\u4ec0\u53f2\u8a69\u300b\u3002\u6b64\u5916\uff0cDuermevela \u9084\u5728\u88fd\u4f5c\u7531\u6258\u99ac\u65af\u00b7\u5229\u666e\u6208\u7279\u57f7\u5c0e\u7684\u5169\u90e8\u7d00\u9304\u7247\uff1a\u300a\u8a08\u7a0b\u8eca\u6545\u4e8b\u300b\uff08Historias de Remis\uff09\u548c\u300a\u8ff7\u5e7b\u65c5\u7a0b\u300b\uff08El Viaje Psicod\u00e9lico\uff09\u3002<\/p>\t\t\t\t\t\t\t\t<\/div>\n\t\t\t\t<\/div>\n\t\t\t\t<\/div>\n\t\t\t\t\t<\/div>\n\t\t\t\t<\/div>\n\t\t\t\t<\/div>\n\t\t","protected":false},"excerpt":{"rendered":"<p>\u6211\u4eec \u7761\u7720\u662f\u7761\u7720\u548c\u6e05\u9192\u4e4b\u95f4\u7684\u4e2d\u95f4\u72b6\u6001\u3002 \u6211\u4eec\u5b9e\u9645\u4e0a\u5e76\u4e0d\u77e5\u9053\u6211\u4eec\u5728\u54ea\u4e00\u8fb9\u3002\u6211\u4eec\u559c\u6b22\u62cd\u7684\u7535\u5f71\u90fd\u5e26\u6709\u8fd9\u4e2a\u7279\u5f81\u3002 \u00a0 \u9019\u5bb6\u88fd\u4f5c\u516c\u53f8\u7531\u96fb\u5f71\u88fd\u4f5c\u4eba\u6258\u99ac\u65af\u00b7\u5229\u666e\u6208\u7279\uff08Tom\u00e1s Lipgot\uff09\u5275\u7acb\uff0c\u4e3b\u8981\u5c08\u6ce8\u65bc\u7d00\u9304\u7247\u7684\u88fd\u4f5c\uff0c\u540c\u6642\u4e5f\u6d89\u8db3\u6545\u4e8b\u7247\u548c\u52d5\u756b\u5f71\u7247\u7684\u88fd\u4f5c\u3002 \u64c1\u6709\u8d85\u904e20\u5e74\u7684\u96fb\u5f71\u884c\u696d\u7d93\u9a57\uff0cDuermevela \u5df2\u88fd\u4f5c\u4e8615\u90e8\u7d00\u9304\u7247\uff1a\u300a\u5821\u58d8\u300b\uff08Fortalezas\uff0c2010\uff09\u3001\u300a\u91cc\u5361\u591a\u00b7\u8c9d\u5207\u723e\uff0c\u6700\u5f8c\u885d\u523a\u300b\uff08Ricardo Becher, Recta Final\uff0c2010\uff09\u3001\u300a\u83ab\u963f\u897f\u723e\u300b\uff08Moacir\uff0c2011\uff09\u3001\u300a\u570d\u7246\u4e4b\u6a39\u300b\uff08El \u00c1rbol de la Muralla\uff0c2013\uff09\u3001\u300a\u74e6\u723e\u767b\u585e\u4eba\u300b\uff08Valdenses\uff0c2015\uff09\u3001\u300a\u7f9e\u6065\u8207\u5c0a\u91cd\u300b\uff08Verg\u00fcenza y Respeto\uff0c2015\uff09\u3001\u300a\u83ab\u963f\u897f\u723e III\u300b\uff08Moacir III\uff0c2017\uff09\u3001\u300a\u746a\u5854\u79c0\u300b\uff08Marta Show\uff0c2018\uff09\u3001\u300a\u8b9a\u7f8e\u8ff4\u6587\uff01\u300b\uff08\u00a1Viva el Pal\u00edndromo!\uff0c2018\uff09\u3001\u300a\u514b\u62c9\u9e97\u5854\u7684\u5b87\u5b99\u300b\uff08El Universo de Clarita\uff0c2020\uff09\u3001\u300a\u83ab\u963f\u897f\u723e\u8207\u6211\u300b\uff08Moacir y Yo\uff0c2021\uff09\u3001\u300a\u91ab\u7528\u5927\u9ebb\u300b\uff08Cannabis Medicinal\uff0c2023\uff09\u3001\u300a\u9060\u96e2\u6839\u6e90\u7684\u7a2e\u5b50\u300b\uff08Semillas que Caen Lejos de Ra\u00edces\uff0c2024\uff09\u3001\u300a\u5c0f\u6d1e\u300b\uff08El Agujerito\uff0c2024\uff09\u4ee5\u53ca\u300a\u96fb\u5b50\u904a\u6232\u300b\uff08Juegos en Video\uff0c2025\uff09\u3002 \u6b64\u5916\uff0c\u8a72\u516c\u53f8\u9084\u88fd\u4f5c\u4e86\u6545\u4e8b\u7247\u300a\u9818\u990a\u8005\u300b\uff08Los Adoptantes\uff0c2019\uff09\uff0c\u4e26\u64d4\u4efb\u6545\u4e8b\u7247\u300a\u5730\u4e0b\u300b\uff08Topos\uff0c2012\uff09\u548c\u300a\u6c99\u6f20\u300b\uff08El Desierto\uff0c2013\uff09\u7684\u57f7\u884c\u88fd\u7247\uff0c\u4ee5\u53ca\u7d00\u9304\u7247\u300a\u5821\u58d8\uff1a\u908a\u754c\u4e4b\u5916\u300b\uff08El Fort\u00edn, M\u00e1s All\u00e1 de la Frontera\uff0c2023\uff09\u3001\u300a\u7316\u7357\u5bb6\u65cf\u7684\u5e7d\u9748\u300b\uff08El Fantasma de la Familia Rampante\uff0c2024\uff09\u3001\u300a\u6d41\u4ea1\u8005\u300b\uff08Exilados\uff0c2025\uff09\u548c\u300a\u6211\u662f\u7c73\u5361\u300b\uff08Yo Soy Mika de Frankfurt\uff0c2025\uff09\u7684\u88fd\u7247\u3002 \u6240\u6709\u9019\u4e9b\u4f5c\u54c1\u90fd\u4ee5\u8b1b\u8ff0\u89aa\u5bc6\u6545\u4e8b\u70ba\u7279\u8272\uff0c\u4e0d\u50c5\u5546\u696d\u4e0a\u6620\uff0c\u9084\u53c3\u52a0\u4e86\u8a31\u591a\u570b\u969b\u96fb\u5f71\u7bc0\uff0c\u4e26\u8d0f\u5f97\u4e86\u5404\u7a2e\u734e\u9805\u548c\u69ae\u8b7d\u3002 [&hellip;]<\/p>\n","protected":false},"author":1,"featured_media":0,"parent":0,"menu_order":0,"comment_status":"closed","ping_status":"closed","template":"elementor_header_footer","meta":{"footnotes":""},"class_list":["post-12057","page","type-page","status-publish","hentry"],"aioseo_notices":[],"_links":{"self":[{"href":"https:\/\/duermevela.com.ar\/ch\/wp-json\/wp\/v2\/pages\/12057","targetHints":{"allow":["GET"]}}],"collection":[{"href":"https:\/\/duermevela.com.ar\/ch\/wp-json\/wp\/v2\/pages"}],"about":[{"href":"https:\/\/duermevela.com.ar\/ch\/wp-json\/wp\/v2\/types\/page"}],"author":[{"embeddable":true,"href":"https:\/\/duermevela.com.ar\/ch\/wp-json\/wp\/v2\/users\/1"}],"replies":[{"embeddable":true,"href":"https:\/\/duermevela.com.ar\/ch\/wp-json\/wp\/v2\/comments?post=12057"}],"version-history":[{"count":9,"href":"https:\/\/duermevela.com.ar\/ch\/wp-json\/wp\/v2\/pages\/12057\/revisions"}],"predecessor-version":[{"id":13616,"href":"https:\/\/duermevela.com.ar\/ch\/wp-json\/wp\/v2\/pages\/12057\/revisions\/13616"}],"wp:attachment":[{"href":"https:\/\/duermevela.com.ar\/ch\/wp-json\/wp\/v2\/media?parent=12057"}],"curies":[{"name":"wp","href":"https:\/\/api.w.org\/{rel}","templated":true}]}}